{"id":132,"date":"2019-10-18T16:29:17","date_gmt":"2019-10-18T14:29:17","guid":{"rendered":"https:\/\/mtechnique.be\/?page_id=132"},"modified":"2020-02-07T10:22:33","modified_gmt":"2020-02-07T09:22:33","slug":"depannage-chauffagiste-electricite-sanitaire","status":"publish","type":"page","link":"https:\/\/mtechnique.be\/index.php\/depannage-chauffagiste-electricite-sanitaire\/","title":{"rendered":"Chauffagiste &#8211; \u00e9lectricit\u00e9 &#8211; sanitaire"},"content":{"rendered":"<h2 style=\"text-align: center;\"><em><strong>Chauffagiste gaz agr\u00e9\u00e9 <\/strong><\/em><\/h2>\n<h2 style=\"text-align: center;\"><em><strong>Contactez-nous au +32 475 378 192<br \/>\n<\/strong><\/em><\/h2>\n<ul>\n<li>D\u00e9pannage de votre chaudi\u00e8re au gaz<\/li>\n<li>remplacement de votre chaudi\u00e8re<\/li>\n<li>mise en conformit\u00e9 de votre installation<\/li>\n<li>entretien de votre chaudi\u00e8re gaz<\/li>\n<\/ul>\n<p><img loading=\"lazy\" decoding=\"async\" class=\"size-medium wp-image-117\" src=\"https:\/\/mtechnique.be\/wp-content\/uploads\/2019\/10\/image-300x144.jpg\" alt=\"agr\u00e9\u00e9 Bruxelles capitale\" width=\"300\" height=\"144\" srcset=\"https:\/\/mtechnique.be\/wp-content\/uploads\/2019\/10\/image-300x144.jpg 300w, https:\/\/mtechnique.be\/wp-content\/uploads\/2019\/10\/image.jpg 448w\" sizes=\"auto, (max-width: 300px) 100vw, 300px\" \/><\/p>\n<p><img loading=\"lazy\" decoding=\"async\" class=\"size-medium wp-image-119\" src=\"https:\/\/mtechnique.be\/wp-content\/uploads\/2019\/10\/resized_8_1427801778-300x75.jpg\" alt=\"Air climat Wallonie\" width=\"300\" height=\"75\" srcset=\"https:\/\/mtechnique.be\/wp-content\/uploads\/2019\/10\/resized_8_1427801778-300x75.jpg 300w, https:\/\/mtechnique.be\/wp-content\/uploads\/2019\/10\/resized_8_1427801778-570x143.jpg 570w, https:\/\/mtechnique.be\/wp-content\/uploads\/2019\/10\/resized_8_1427801778.jpg 600w\" sizes=\"auto, (max-width: 300px) 100vw, 300px\" \/><\/p>\n<h2 style=\"text-align: left;\"><em><strong>\u00c9lectricit\u00e9<\/strong><\/em><\/h2>\n<ul>\n<li>Tous d\u00e9pannage \u00e9lectrique<\/li>\n<li>La mise en conformit\u00e9 des installations\u00a0 (r\u00e9ception et sch\u00e9mas)<\/li>\n<li>D\u00e9pannage des parlophones<\/li>\n<\/ul>\n<p><img loading=\"lazy\" decoding=\"async\" class=\"size-medium wp-image-168\" src=\"https:\/\/mtechnique.be\/wp-content\/uploads\/2019\/10\/d\u00e9pannage-\u00e9lectrique-300x200.jpg\" alt=\"d\u00e9pannage-\u00e9lectrique\" width=\"300\" height=\"200\" srcset=\"https:\/\/mtechnique.be\/wp-content\/uploads\/2019\/10\/d\u00e9pannage-\u00e9lectrique-300x200.jpg 300w, https:\/\/mtechnique.be\/wp-content\/uploads\/2019\/10\/d\u00e9pannage-\u00e9lectrique-768x511.jpg 768w, https:\/\/mtechnique.be\/wp-content\/uploads\/2019\/10\/d\u00e9pannage-\u00e9lectrique-570x379.jpg 570w, https:\/\/mtechnique.be\/wp-content\/uploads\/2019\/10\/d\u00e9pannage-\u00e9lectrique.jpg 800w\" sizes=\"auto, (max-width: 300px) 100vw, 300px\" \/><\/p>\n<h2 style=\"text-align: left;\"><em><strong>Sanitaire<\/strong><\/em><\/h2>\n<p>Remplacement robinetterie des wc de vos meubles de salle de bain etc&#8230;.<\/p>\n<p><img loading=\"lazy\" decoding=\"async\" class=\"size-medium wp-image-166 alignleft\" src=\"https:\/\/mtechnique.be\/wp-content\/uploads\/2019\/10\/depannage-sanitaire-300x200.jpg\" alt=\"Plomberie et d\u00e9pannage\" width=\"300\" height=\"200\" srcset=\"https:\/\/mtechnique.be\/wp-content\/uploads\/2019\/10\/depannage-sanitaire-300x200.jpg 300w, https:\/\/mtechnique.be\/wp-content\/uploads\/2019\/10\/depannage-sanitaire-768x512.jpg 768w, https:\/\/mtechnique.be\/wp-content\/uploads\/2019\/10\/depannage-sanitaire-570x380.jpg 570w, https:\/\/mtechnique.be\/wp-content\/uploads\/2019\/10\/depannage-sanitaire.jpg 800w\" sizes=\"auto, (max-width: 300px) 100vw, 300px\" \/><\/p>\n","protected":false},"excerpt":{"rendered":"<p>Chauffagiste gaz agr\u00e9\u00e9 Contactez-nous au +32 475 378 192 D\u00e9pannage de votre chaudi\u00e8re au gaz remplacement de votre chaudi\u00e8re mise en conformit\u00e9 de votre installation entretien de votre chaudi\u00e8re gaz &#8230;<\/p>\n","protected":false},"author":1,"featured_media":0,"parent":0,"menu_order":0,"comment_status":"closed","ping_status":"closed","template":"","meta":{"footnotes":""},"class_list":["post-132","page","type-page","status-publish","hentry"],"yoast_head":"<!-- This site is optimized with the Yoast SEO Premium plugin v19.2 (Yoast SEO v26.1.1) - https:\/\/yoast.com\/wordpress\/plugins\/seo\/ -->\n<title>Chauffagiste - \u00e9lectricit\u00e9 - sanitaire Contactez-nous +32 475 378 192<\/title>\n<meta name=\"description\" content=\"Nos services de d\u00e9pannage: chauffagiste agr\u00e9\u00e9 IBGE &amp; AWAC, \u00c9lectricit\u00e9, Sanitaire, technique du bat\u00eement, contactez-nous au +32 475 378 192\" \/>\n<meta name=\"robots\" content=\"index, follow, max-snippet:-1, max-image-preview:large, max-video-preview:-1\" \/>\n<link rel=\"canonical\" href=\"https:\/\/mtechnique.be\/index.php\/depannage-chauffagiste-electricite-sanitaire\/\" \/>\n<meta property=\"og:locale\" content=\"fr_FR\" \/>\n<meta property=\"og:type\" content=\"article\" \/>\n<meta property=\"og:title\" content=\"Chauffagiste - \u00e9lectricit\u00e9 - sanitaire\" \/>\n<meta property=\"og:description\" content=\"Nos services de d\u00e9pannage: chauffagiste agr\u00e9\u00e9 IBGE &amp; AWAC, \u00c9lectricit\u00e9, Sanitaire, technique du bat\u00eement, contactez-nous au +32 475 378 192\" \/>\n<meta property=\"og:url\" content=\"https:\/\/mtechnique.be\/index.php\/depannage-chauffagiste-electricite-sanitaire\/\" \/>\n<meta property=\"og:site_name\" content=\"M-Technique Chauffagiste agr\u00e9\u00e9 GAZ d\u00e9pannage installation, \u00e9lectricit\u00e9, sanitaire.\" \/>\n<meta property=\"article:modified_time\" content=\"2020-02-07T09:22:33+00:00\" \/>\n<meta property=\"og:image\" content=\"https:\/\/mtechnique.be\/wp-content\/uploads\/2019\/10\/image-300x144.jpg\" \/>\n<meta name=\"twitter:card\" content=\"summary_large_image\" \/>\n<script type=\"application\/ld+json\" class=\"yoast-schema-graph\">{\"@context\":\"https:\/\/schema.org\",\"@graph\":[{\"@type\":\"WebPage\",\"@id\":\"https:\/\/mtechnique.be\/index.php\/depannage-chauffagiste-electricite-sanitaire\/\",\"url\":\"https:\/\/mtechnique.be\/index.php\/depannage-chauffagiste-electricite-sanitaire\/\",\"name\":\"Chauffagiste - \u00e9lectricit\u00e9 - sanitaire Contactez-nous +32 475 378 192\",\"isPartOf\":{\"@id\":\"https:\/\/mtechnique.be\/#website\"},\"primaryImageOfPage\":{\"@id\":\"https:\/\/mtechnique.be\/index.php\/depannage-chauffagiste-electricite-sanitaire\/#primaryimage\"},\"image\":{\"@id\":\"https:\/\/mtechnique.be\/index.php\/depannage-chauffagiste-electricite-sanitaire\/#primaryimage\"},\"thumbnailUrl\":\"https:\/\/mtechnique.be\/wp-content\/uploads\/2019\/10\/image-300x144.jpg\",\"datePublished\":\"2019-10-18T14:29:17+00:00\",\"dateModified\":\"2020-02-07T09:22:33+00:00\",\"description\":\"Nos services de d\u00e9pannage: chauffagiste agr\u00e9\u00e9 IBGE & AWAC, \u00c9lectricit\u00e9, Sanitaire, technique du bat\u00eement, contactez-nous au +32 475 378 192\",\"breadcrumb\":{\"@id\":\"https:\/\/mtechnique.be\/index.php\/depannage-chauffagiste-electricite-sanitaire\/#breadcrumb\"},\"inLanguage\":\"fr-FR\",\"potentialAction\":[{\"@type\":\"ReadAction\",\"target\":[\"https:\/\/mtechnique.be\/index.php\/depannage-chauffagiste-electricite-sanitaire\/\"]}]},{\"@type\":\"ImageObject\",\"inLanguage\":\"fr-FR\",\"@id\":\"https:\/\/mtechnique.be\/index.php\/depannage-chauffagiste-electricite-sanitaire\/#primaryimage\",\"url\":\"https:\/\/mtechnique.be\/wp-content\/uploads\/2019\/10\/image.jpg\",\"contentUrl\":\"https:\/\/mtechnique.be\/wp-content\/uploads\/2019\/10\/image.jpg\",\"width\":448,\"height\":215,\"caption\":\"agr\u00e9\u00e9 Bruxelles capitale\"},{\"@type\":\"BreadcrumbList\",\"@id\":\"https:\/\/mtechnique.be\/index.php\/depannage-chauffagiste-electricite-sanitaire\/#breadcrumb\",\"itemListElement\":[{\"@type\":\"ListItem\",\"position\":1,\"name\":\"Accueil\",\"item\":\"https:\/\/mtechnique.be\/\"},{\"@type\":\"ListItem\",\"position\":2,\"name\":\"Chauffagiste &#8211; \u00e9lectricit\u00e9 &#8211; sanitaire\"}]},{\"@type\":\"WebSite\",\"@id\":\"https:\/\/mtechnique.be\/#website\",\"url\":\"https:\/\/mtechnique.be\/\",\"name\":\"M-Technique Chauffagiste agr\u00e9\u00e9 GAZ d\u00e9pannage installation, \u00e9lectricit\u00e9, sanitaire.\",\"description\":\"Chauffagiste agr\u00e9\u00e9 GAZ d\u00e9pannage installation, \u00e9lectricit\u00e9, sanitaire.\",\"publisher\":{\"@id\":\"https:\/\/mtechnique.be\/#organization\"},\"potentialAction\":[{\"@type\":\"SearchAction\",\"target\":{\"@type\":\"EntryPoint\",\"urlTemplate\":\"https:\/\/mtechnique.be\/?s={search_term_string}\"},\"query-input\":{\"@type\":\"PropertyValueSpecification\",\"valueRequired\":true,\"valueName\":\"search_term_string\"}}],\"inLanguage\":\"fr-FR\"},{\"@type\":\"Organization\",\"@id\":\"https:\/\/mtechnique.be\/#organization\",\"name\":\"M-Technique Chauffagiste agr\u00e9\u00e9 GAZ d\u00e9pannage installation, \u00e9lectricit\u00e9, sanitaire.\",\"url\":\"https:\/\/mtechnique.be\/\",\"logo\":{\"@type\":\"ImageObject\",\"inLanguage\":\"fr-FR\",\"@id\":\"https:\/\/mtechnique.be\/#\/schema\/logo\/image\/\",\"url\":\"https:\/\/mtechnique.be\/wp-content\/uploads\/2021\/05\/cropped-logo-200.jpg\",\"contentUrl\":\"https:\/\/mtechnique.be\/wp-content\/uploads\/2021\/05\/cropped-logo-200.jpg\",\"width\":200,\"height\":45,\"caption\":\"M-Technique Chauffagiste agr\u00e9\u00e9 GAZ d\u00e9pannage installation, \u00e9lectricit\u00e9, sanitaire.\"},\"image\":{\"@id\":\"https:\/\/mtechnique.be\/#\/schema\/logo\/image\/\"}}]}<\/script>\n<!-- \/ Yoast SEO Premium plugin. -->","yoast_head_json":{"title":"Chauffagiste - \u00e9lectricit\u00e9 - sanitaire Contactez-nous +32 475 378 192","description":"Nos services de d\u00e9pannage: chauffagiste agr\u00e9\u00e9 IBGE & AWAC, \u00c9lectricit\u00e9, Sanitaire, technique du bat\u00eement, contactez-nous au +32 475 378 192","robots":{"index":"index","follow":"follow","max-snippet":"max-snippet:-1","max-image-preview":"max-image-preview:large","max-video-preview":"max-video-preview:-1"},"canonical":"https:\/\/mtechnique.be\/index.php\/depannage-chauffagiste-electricite-sanitaire\/","og_locale":"fr_FR","og_type":"article","og_title":"Chauffagiste - \u00e9lectricit\u00e9 - sanitaire","og_description":"Nos services de d\u00e9pannage: chauffagiste agr\u00e9\u00e9 IBGE & AWAC, \u00c9lectricit\u00e9, Sanitaire, technique du bat\u00eement, contactez-nous au +32 475 378 192","og_url":"https:\/\/mtechnique.be\/index.php\/depannage-chauffagiste-electricite-sanitaire\/","og_site_name":"M-Technique Chauffagiste agr\u00e9\u00e9 GAZ d\u00e9pannage installation, \u00e9lectricit\u00e9, sanitaire.","article_modified_time":"2020-02-07T09:22:33+00:00","og_image":[{"url":"https:\/\/mtechnique.be\/wp-content\/uploads\/2019\/10\/image-300x144.jpg","type":"","width":"","height":""}],"twitter_card":"summary_large_image","schema":{"@context":"https:\/\/schema.org","@graph":[{"@type":"WebPage","@id":"https:\/\/mtechnique.be\/index.php\/depannage-chauffagiste-electricite-sanitaire\/","url":"https:\/\/mtechnique.be\/index.php\/depannage-chauffagiste-electricite-sanitaire\/","name":"Chauffagiste - \u00e9lectricit\u00e9 - sanitaire Contactez-nous +32 475 378 192","isPartOf":{"@id":"https:\/\/mtechnique.be\/#website"},"primaryImageOfPage":{"@id":"https:\/\/mtechnique.be\/index.php\/depannage-chauffagiste-electricite-sanitaire\/#primaryimage"},"image":{"@id":"https:\/\/mtechnique.be\/index.php\/depannage-chauffagiste-electricite-sanitaire\/#primaryimage"},"thumbnailUrl":"https:\/\/mtechnique.be\/wp-content\/uploads\/2019\/10\/image-300x144.jpg","datePublished":"2019-10-18T14:29:17+00:00","dateModified":"2020-02-07T09:22:33+00:00","description":"Nos services de d\u00e9pannage: chauffagiste agr\u00e9\u00e9 IBGE & AWAC, \u00c9lectricit\u00e9, Sanitaire, technique du bat\u00eement, contactez-nous au +32 475 378 192","breadcrumb":{"@id":"https:\/\/mtechnique.be\/index.php\/depannage-chauffagiste-electricite-sanitaire\/#breadcrumb"},"inLanguage":"fr-FR","potentialAction":[{"@type":"ReadAction","target":["https:\/\/mtechnique.be\/index.php\/depannage-chauffagiste-electricite-sanitaire\/"]}]},{"@type":"ImageObject","inLanguage":"fr-FR","@id":"https:\/\/mtechnique.be\/index.php\/depannage-chauffagiste-electricite-sanitaire\/#primaryimage","url":"https:\/\/mtechnique.be\/wp-content\/uploads\/2019\/10\/image.jpg","contentUrl":"https:\/\/mtechnique.be\/wp-content\/uploads\/2019\/10\/image.jpg","width":448,"height":215,"caption":"agr\u00e9\u00e9 Bruxelles capitale"},{"@type":"BreadcrumbList","@id":"https:\/\/mtechnique.be\/index.php\/depannage-chauffagiste-electricite-sanitaire\/#breadcrumb","itemListElement":[{"@type":"ListItem","position":1,"name":"Accueil","item":"https:\/\/mtechnique.be\/"},{"@type":"ListItem","position":2,"name":"Chauffagiste &#8211; \u00e9lectricit\u00e9 &#8211; sanitaire"}]},{"@type":"WebSite","@id":"https:\/\/mtechnique.be\/#website","url":"https:\/\/mtechnique.be\/","name":"M-Technique Chauffagiste agr\u00e9\u00e9 GAZ d\u00e9pannage installation, \u00e9lectricit\u00e9, sanitaire.","description":"Chauffagiste agr\u00e9\u00e9 GAZ d\u00e9pannage installation, \u00e9lectricit\u00e9, sanitaire.","publisher":{"@id":"https:\/\/mtechnique.be\/#organization"},"potentialAction":[{"@type":"SearchAction","target":{"@type":"EntryPoint","urlTemplate":"https:\/\/mtechnique.be\/?s={search_term_string}"},"query-input":{"@type":"PropertyValueSpecification","valueRequired":true,"valueName":"search_term_string"}}],"inLanguage":"fr-FR"},{"@type":"Organization","@id":"https:\/\/mtechnique.be\/#organization","name":"M-Technique Chauffagiste agr\u00e9\u00e9 GAZ d\u00e9pannage installation, \u00e9lectricit\u00e9, sanitaire.","url":"https:\/\/mtechnique.be\/","logo":{"@type":"ImageObject","inLanguage":"fr-FR","@id":"https:\/\/mtechnique.be\/#\/schema\/logo\/image\/","url":"https:\/\/mtechnique.be\/wp-content\/uploads\/2021\/05\/cropped-logo-200.jpg","contentUrl":"https:\/\/mtechnique.be\/wp-content\/uploads\/2021\/05\/cropped-logo-200.jpg","width":200,"height":45,"caption":"M-Technique Chauffagiste agr\u00e9\u00e9 GAZ d\u00e9pannage installation, \u00e9lectricit\u00e9, sanitaire."},"image":{"@id":"https:\/\/mtechnique.be\/#\/schema\/logo\/image\/"}}]}},"_links":{"self":[{"href":"https:\/\/mtechnique.be\/index.php\/wp-json\/wp\/v2\/pages\/132","targetHints":{"allow":["GET"]}}],"collection":[{"href":"https:\/\/mtechnique.be\/index.php\/wp-json\/wp\/v2\/pages"}],"about":[{"href":"https:\/\/mtechnique.be\/index.php\/wp-json\/wp\/v2\/types\/page"}],"author":[{"embeddable":true,"href":"https:\/\/mtechnique.be\/index.php\/wp-json\/wp\/v2\/users\/1"}],"replies":[{"embeddable":true,"href":"https:\/\/mtechnique.be\/index.php\/wp-json\/wp\/v2\/comments?post=132"}],"version-history":[{"count":18,"href":"https:\/\/mtechnique.be\/index.php\/wp-json\/wp\/v2\/pages\/132\/revisions"}],"predecessor-version":[{"id":278,"href":"https:\/\/mtechnique.be\/index.php\/wp-json\/wp\/v2\/pages\/132\/revisions\/278"}],"wp:attachment":[{"href":"https:\/\/mtechnique.be\/index.php\/wp-json\/wp\/v2\/media?parent=132"}],"curies":[{"name":"wp","href":"https:\/\/api.w.org\/{rel}","templated":true}]}}