{"id":138,"date":"2019-10-18T16:43:15","date_gmt":"2019-10-18T14:43:15","guid":{"rendered":"https:\/\/mtechnique.be\/?page_id=138"},"modified":"2020-02-07T10:48:10","modified_gmt":"2020-02-07T09:48:10","slug":"besoin-daide-contactez-nous-une-urgence-une-demande-dinfo","status":"publish","type":"page","link":"https:\/\/mtechnique.be\/index.php\/besoin-daide-contactez-nous-une-urgence-une-demande-dinfo\/","title":{"rendered":"Contactez-nous"},"content":{"rendered":"\n<h3 class=\"wp-block-heading\">Besoin d&#8217;aide? Contactez-nous<\/h3>\n\n\n\n<h5 class=\"wp-block-heading\">M Technique SPRL<\/h5>\n\n\n\n<p>Tel: +32 475 378 192<\/p>\n\n\n\n<p>Rue de la Princesse 2<br>\n1080 Brussel (Sint-Jans-Molenbeek)<br>\nBelgique<br>\nN\u00b0 TVA: BE0568.932.813<\/p>\n\n\n\n<p>Agr\u00e9e IBGE &amp; AWAC<\/p>\n","protected":false},"excerpt":{"rendered":"<p>Besoin d&#8217;aide? Contactez-nous M Technique SPRL Tel: +32 475 378 192 Rue de la Princesse 2 1080 Brussel (Sint-Jans-Molenbeek) Belgique N\u00b0 TVA: BE0568.932.813 Agr\u00e9e IBGE &amp; AWAC<\/p>\n","protected":false},"author":1,"featured_media":146,"parent":0,"menu_order":0,"comment_status":"closed","ping_status":"closed","template":"","meta":{"footnotes":""},"class_list":["post-138","page","type-page","status-publish","has-post-thumbnail","hentry"],"yoast_head":"<!-- This site is optimized with the Yoast SEO Premium plugin v19.2 (Yoast SEO v26.1.1) - https:\/\/yoast.com\/wordpress\/plugins\/seo\/ -->\n<title>Besoin d&#039;aide, contactez-nous, Contactez-nous au: +32 475 378 192<\/title>\n<meta name=\"description\" content=\"Besoin d&#039;aide Contactez-nous, nous vous aiderons le plus vite et le mieux possible. M Technique: Chauffagiste, \u00e9lectricitien, sanitaire\" \/>\n<meta name=\"robots\" content=\"index, follow, max-snippet:-1, max-image-preview:large, max-video-preview:-1\" \/>\n<link rel=\"canonical\" href=\"https:\/\/mtechnique.be\/index.php\/besoin-daide-contactez-nous-une-urgence-une-demande-dinfo\/\" \/>\n<meta property=\"og:locale\" content=\"fr_FR\" \/>\n<meta property=\"og:type\" content=\"article\" \/>\n<meta property=\"og:title\" content=\"Contactez-nous\" \/>\n<meta property=\"og:description\" content=\"Besoin d&#039;aide Contactez-nous, nous vous aiderons le plus vite et le mieux possible. M Technique: Chauffagiste, \u00e9lectricitien, sanitaire\" \/>\n<meta property=\"og:url\" content=\"https:\/\/mtechnique.be\/index.php\/besoin-daide-contactez-nous-une-urgence-une-demande-dinfo\/\" \/>\n<meta property=\"og:site_name\" content=\"M-Technique Chauffagiste agr\u00e9\u00e9 GAZ d\u00e9pannage installation, \u00e9lectricit\u00e9, sanitaire.\" \/>\n<meta property=\"article:modified_time\" content=\"2020-02-07T09:48:10+00:00\" \/>\n<meta property=\"og:image\" content=\"https:\/\/mtechnique.be\/wp-content\/uploads\/2019\/10\/contact2.jpg\" \/>\n\t<meta property=\"og:image:width\" content=\"800\" \/>\n\t<meta property=\"og:image:height\" content=\"533\" \/>\n\t<meta property=\"og:image:type\" content=\"image\/jpeg\" \/>\n<meta name=\"twitter:card\" content=\"summary_large_image\" \/>\n<script type=\"application\/ld+json\" class=\"yoast-schema-graph\">{\"@context\":\"https:\/\/schema.org\",\"@graph\":[{\"@type\":\"WebPage\",\"@id\":\"https:\/\/mtechnique.be\/index.php\/besoin-daide-contactez-nous-une-urgence-une-demande-dinfo\/\",\"url\":\"https:\/\/mtechnique.be\/index.php\/besoin-daide-contactez-nous-une-urgence-une-demande-dinfo\/\",\"name\":\"Besoin d'aide, contactez-nous, Contactez-nous au: +32 475 378 192\",\"isPartOf\":{\"@id\":\"https:\/\/mtechnique.be\/#website\"},\"primaryImageOfPage\":{\"@id\":\"https:\/\/mtechnique.be\/index.php\/besoin-daide-contactez-nous-une-urgence-une-demande-dinfo\/#primaryimage\"},\"image\":{\"@id\":\"https:\/\/mtechnique.be\/index.php\/besoin-daide-contactez-nous-une-urgence-une-demande-dinfo\/#primaryimage\"},\"thumbnailUrl\":\"https:\/\/mtechnique.be\/wp-content\/uploads\/2019\/10\/contact2.jpg\",\"datePublished\":\"2019-10-18T14:43:15+00:00\",\"dateModified\":\"2020-02-07T09:48:10+00:00\",\"description\":\"Besoin d'aide Contactez-nous, nous vous aiderons le plus vite et le mieux possible. M Technique: Chauffagiste, \u00e9lectricitien, sanitaire\",\"breadcrumb\":{\"@id\":\"https:\/\/mtechnique.be\/index.php\/besoin-daide-contactez-nous-une-urgence-une-demande-dinfo\/#breadcrumb\"},\"inLanguage\":\"fr-FR\",\"potentialAction\":[{\"@type\":\"ReadAction\",\"target\":[\"https:\/\/mtechnique.be\/index.php\/besoin-daide-contactez-nous-une-urgence-une-demande-dinfo\/\"]}]},{\"@type\":\"ImageObject\",\"inLanguage\":\"fr-FR\",\"@id\":\"https:\/\/mtechnique.be\/index.php\/besoin-daide-contactez-nous-une-urgence-une-demande-dinfo\/#primaryimage\",\"url\":\"https:\/\/mtechnique.be\/wp-content\/uploads\/2019\/10\/contact2.jpg\",\"contentUrl\":\"https:\/\/mtechnique.be\/wp-content\/uploads\/2019\/10\/contact2.jpg\",\"width\":800,\"height\":533,\"caption\":\"Contact\"},{\"@type\":\"BreadcrumbList\",\"@id\":\"https:\/\/mtechnique.be\/index.php\/besoin-daide-contactez-nous-une-urgence-une-demande-dinfo\/#breadcrumb\",\"itemListElement\":[{\"@type\":\"ListItem\",\"position\":1,\"name\":\"Accueil\",\"item\":\"https:\/\/mtechnique.be\/\"},{\"@type\":\"ListItem\",\"position\":2,\"name\":\"Contactez-nous\"}]},{\"@type\":\"WebSite\",\"@id\":\"https:\/\/mtechnique.be\/#website\",\"url\":\"https:\/\/mtechnique.be\/\",\"name\":\"M-Technique Chauffagiste agr\u00e9\u00e9 GAZ d\u00e9pannage installation, \u00e9lectricit\u00e9, sanitaire.\",\"description\":\"Chauffagiste agr\u00e9\u00e9 GAZ d\u00e9pannage installation, \u00e9lectricit\u00e9, sanitaire.\",\"publisher\":{\"@id\":\"https:\/\/mtechnique.be\/#organization\"},\"potentialAction\":[{\"@type\":\"SearchAction\",\"target\":{\"@type\":\"EntryPoint\",\"urlTemplate\":\"https:\/\/mtechnique.be\/?s={search_term_string}\"},\"query-input\":{\"@type\":\"PropertyValueSpecification\",\"valueRequired\":true,\"valueName\":\"search_term_string\"}}],\"inLanguage\":\"fr-FR\"},{\"@type\":\"Organization\",\"@id\":\"https:\/\/mtechnique.be\/#organization\",\"name\":\"M-Technique Chauffagiste agr\u00e9\u00e9 GAZ d\u00e9pannage installation, \u00e9lectricit\u00e9, sanitaire.\",\"url\":\"https:\/\/mtechnique.be\/\",\"logo\":{\"@type\":\"ImageObject\",\"inLanguage\":\"fr-FR\",\"@id\":\"https:\/\/mtechnique.be\/#\/schema\/logo\/image\/\",\"url\":\"https:\/\/mtechnique.be\/wp-content\/uploads\/2021\/05\/cropped-logo-200.jpg\",\"contentUrl\":\"https:\/\/mtechnique.be\/wp-content\/uploads\/2021\/05\/cropped-logo-200.jpg\",\"width\":200,\"height\":45,\"caption\":\"M-Technique Chauffagiste agr\u00e9\u00e9 GAZ d\u00e9pannage installation, \u00e9lectricit\u00e9, sanitaire.\"},\"image\":{\"@id\":\"https:\/\/mtechnique.be\/#\/schema\/logo\/image\/\"}}]}<\/script>\n<!-- \/ Yoast SEO Premium plugin. -->","yoast_head_json":{"title":"Besoin d'aide, contactez-nous, Contactez-nous au: +32 475 378 192","description":"Besoin d'aide Contactez-nous, nous vous aiderons le plus vite et le mieux possible. M Technique: Chauffagiste, \u00e9lectricitien, sanitaire","robots":{"index":"index","follow":"follow","max-snippet":"max-snippet:-1","max-image-preview":"max-image-preview:large","max-video-preview":"max-video-preview:-1"},"canonical":"https:\/\/mtechnique.be\/index.php\/besoin-daide-contactez-nous-une-urgence-une-demande-dinfo\/","og_locale":"fr_FR","og_type":"article","og_title":"Contactez-nous","og_description":"Besoin d'aide Contactez-nous, nous vous aiderons le plus vite et le mieux possible. M Technique: Chauffagiste, \u00e9lectricitien, sanitaire","og_url":"https:\/\/mtechnique.be\/index.php\/besoin-daide-contactez-nous-une-urgence-une-demande-dinfo\/","og_site_name":"M-Technique Chauffagiste agr\u00e9\u00e9 GAZ d\u00e9pannage installation, \u00e9lectricit\u00e9, sanitaire.","article_modified_time":"2020-02-07T09:48:10+00:00","og_image":[{"width":800,"height":533,"url":"https:\/\/mtechnique.be\/wp-content\/uploads\/2019\/10\/contact2.jpg","type":"image\/jpeg"}],"twitter_card":"summary_large_image","schema":{"@context":"https:\/\/schema.org","@graph":[{"@type":"WebPage","@id":"https:\/\/mtechnique.be\/index.php\/besoin-daide-contactez-nous-une-urgence-une-demande-dinfo\/","url":"https:\/\/mtechnique.be\/index.php\/besoin-daide-contactez-nous-une-urgence-une-demande-dinfo\/","name":"Besoin d'aide, contactez-nous, Contactez-nous au: +32 475 378 192","isPartOf":{"@id":"https:\/\/mtechnique.be\/#website"},"primaryImageOfPage":{"@id":"https:\/\/mtechnique.be\/index.php\/besoin-daide-contactez-nous-une-urgence-une-demande-dinfo\/#primaryimage"},"image":{"@id":"https:\/\/mtechnique.be\/index.php\/besoin-daide-contactez-nous-une-urgence-une-demande-dinfo\/#primaryimage"},"thumbnailUrl":"https:\/\/mtechnique.be\/wp-content\/uploads\/2019\/10\/contact2.jpg","datePublished":"2019-10-18T14:43:15+00:00","dateModified":"2020-02-07T09:48:10+00:00","description":"Besoin d'aide Contactez-nous, nous vous aiderons le plus vite et le mieux possible. M Technique: Chauffagiste, \u00e9lectricitien, sanitaire","breadcrumb":{"@id":"https:\/\/mtechnique.be\/index.php\/besoin-daide-contactez-nous-une-urgence-une-demande-dinfo\/#breadcrumb"},"inLanguage":"fr-FR","potentialAction":[{"@type":"ReadAction","target":["https:\/\/mtechnique.be\/index.php\/besoin-daide-contactez-nous-une-urgence-une-demande-dinfo\/"]}]},{"@type":"ImageObject","inLanguage":"fr-FR","@id":"https:\/\/mtechnique.be\/index.php\/besoin-daide-contactez-nous-une-urgence-une-demande-dinfo\/#primaryimage","url":"https:\/\/mtechnique.be\/wp-content\/uploads\/2019\/10\/contact2.jpg","contentUrl":"https:\/\/mtechnique.be\/wp-content\/uploads\/2019\/10\/contact2.jpg","width":800,"height":533,"caption":"Contact"},{"@type":"BreadcrumbList","@id":"https:\/\/mtechnique.be\/index.php\/besoin-daide-contactez-nous-une-urgence-une-demande-dinfo\/#breadcrumb","itemListElement":[{"@type":"ListItem","position":1,"name":"Accueil","item":"https:\/\/mtechnique.be\/"},{"@type":"ListItem","position":2,"name":"Contactez-nous"}]},{"@type":"WebSite","@id":"https:\/\/mtechnique.be\/#website","url":"https:\/\/mtechnique.be\/","name":"M-Technique Chauffagiste agr\u00e9\u00e9 GAZ d\u00e9pannage installation, \u00e9lectricit\u00e9, sanitaire.","description":"Chauffagiste agr\u00e9\u00e9 GAZ d\u00e9pannage installation, \u00e9lectricit\u00e9, sanitaire.","publisher":{"@id":"https:\/\/mtechnique.be\/#organization"},"potentialAction":[{"@type":"SearchAction","target":{"@type":"EntryPoint","urlTemplate":"https:\/\/mtechnique.be\/?s={search_term_string}"},"query-input":{"@type":"PropertyValueSpecification","valueRequired":true,"valueName":"search_term_string"}}],"inLanguage":"fr-FR"},{"@type":"Organization","@id":"https:\/\/mtechnique.be\/#organization","name":"M-Technique Chauffagiste agr\u00e9\u00e9 GAZ d\u00e9pannage installation, \u00e9lectricit\u00e9, sanitaire.","url":"https:\/\/mtechnique.be\/","logo":{"@type":"ImageObject","inLanguage":"fr-FR","@id":"https:\/\/mtechnique.be\/#\/schema\/logo\/image\/","url":"https:\/\/mtechnique.be\/wp-content\/uploads\/2021\/05\/cropped-logo-200.jpg","contentUrl":"https:\/\/mtechnique.be\/wp-content\/uploads\/2021\/05\/cropped-logo-200.jpg","width":200,"height":45,"caption":"M-Technique Chauffagiste agr\u00e9\u00e9 GAZ d\u00e9pannage installation, \u00e9lectricit\u00e9, sanitaire."},"image":{"@id":"https:\/\/mtechnique.be\/#\/schema\/logo\/image\/"}}]}},"_links":{"self":[{"href":"https:\/\/mtechnique.be\/index.php\/wp-json\/wp\/v2\/pages\/138","targetHints":{"allow":["GET"]}}],"collection":[{"href":"https:\/\/mtechnique.be\/index.php\/wp-json\/wp\/v2\/pages"}],"about":[{"href":"https:\/\/mtechnique.be\/index.php\/wp-json\/wp\/v2\/types\/page"}],"author":[{"embeddable":true,"href":"https:\/\/mtechnique.be\/index.php\/wp-json\/wp\/v2\/users\/1"}],"replies":[{"embeddable":true,"href":"https:\/\/mtechnique.be\/index.php\/wp-json\/wp\/v2\/comments?post=138"}],"version-history":[{"count":4,"href":"https:\/\/mtechnique.be\/index.php\/wp-json\/wp\/v2\/pages\/138\/revisions"}],"predecessor-version":[{"id":282,"href":"https:\/\/mtechnique.be\/index.php\/wp-json\/wp\/v2\/pages\/138\/revisions\/282"}],"wp:featuredmedia":[{"embeddable":true,"href":"https:\/\/mtechnique.be\/index.php\/wp-json\/wp\/v2\/media\/146"}],"wp:attachment":[{"href":"https:\/\/mtechnique.be\/index.php\/wp-json\/wp\/v2\/media?parent=138"}],"curies":[{"name":"wp","href":"https:\/\/api.w.org\/{rel}","templated":true}]}}