{"id":1515,"date":"2021-06-02T17:37:50","date_gmt":"2021-06-02T15:37:50","guid":{"rendered":"https:\/\/mtechnique.be\/?page_id=1515"},"modified":"2021-07-23T12:58:37","modified_gmt":"2021-07-23T10:58:37","slug":"do-it-your-self","status":"publish","type":"page","link":"https:\/\/mtechnique.be\/index.php\/do-it-your-self\/","title":{"rendered":"Do it your self (kit complet sur mesure)"},"content":{"rendered":"\n<p>\u00c9CONOMISEZ 50% DE VOTRE BUDGET<\/p>\n\n\n\n<figure class=\"wp-block-video\"><video controls src=\"https:\/\/mtechnique.be\/wp-content\/uploads\/2021\/07\/Econnomisez-jusqua-50.mp4\"><\/video><\/figure>\n\n\n\n<p>Faites-le vous-m\u00eame<\/p>\n\n\n\n<p>Avec votre coach, faites votre installation vous-m\u00eame en kit.<\/p>\n\n\n\n<p>Pr\u00e9paration de votre kit personnalis\u00e9,<br>Explication de montage<br>Coaching tout au long de votre installation<br><\/p>\n","protected":false},"excerpt":{"rendered":"<p>\u00c9CONOMISEZ 50% DE VOTRE BUDGET Faites-le vous-m\u00eame Avec votre coach, faites votre installation vous-m\u00eame en kit. Pr\u00e9paration de votre kit personnalis\u00e9,Explication de montageCoaching tout au long de votre installation<\/p>\n","protected":false},"author":1,"featured_media":0,"parent":0,"menu_order":0,"comment_status":"closed","ping_status":"closed","template":"","meta":{"footnotes":""},"class_list":["post-1515","page","type-page","status-publish","hentry"],"yoast_head":"<!-- This site is optimized with the Yoast SEO Premium plugin v19.2 (Yoast SEO v26.1.1) - https:\/\/yoast.com\/wordpress\/plugins\/seo\/ -->\n<title>Do it your self (kit complet sur mesure) - M-Technique Chauffagiste agr\u00e9\u00e9 GAZ d\u00e9pannage installation, \u00e9lectricit\u00e9, sanitaire.<\/title>\n<meta name=\"robots\" content=\"index, follow, max-snippet:-1, max-image-preview:large, max-video-preview:-1\" \/>\n<link rel=\"canonical\" href=\"https:\/\/mtechnique.be\/index.php\/do-it-your-self\/\" \/>\n<meta property=\"og:locale\" content=\"fr_FR\" \/>\n<meta property=\"og:type\" content=\"article\" \/>\n<meta property=\"og:title\" content=\"Do it your self (kit complet sur mesure)\" \/>\n<meta property=\"og:description\" content=\"\u00c9CONOMISEZ 50% DE VOTRE BUDGET Faites-le vous-m\u00eame Avec votre coach, faites votre installation vous-m\u00eame en kit. Pr\u00e9paration de votre kit personnalis\u00e9,Explication de montageCoaching tout au long de votre installation\" \/>\n<meta property=\"og:url\" content=\"https:\/\/mtechnique.be\/index.php\/do-it-your-self\/\" \/>\n<meta property=\"og:site_name\" content=\"M-Technique Chauffagiste agr\u00e9\u00e9 GAZ d\u00e9pannage installation, \u00e9lectricit\u00e9, sanitaire.\" \/>\n<meta property=\"article:modified_time\" content=\"2021-07-23T10:58:37+00:00\" \/>\n<meta name=\"twitter:card\" content=\"summary_large_image\" \/>\n<meta name=\"twitter:label1\" content=\"Dur\u00e9e de lecture estim\u00e9e\" \/>\n\t<meta name=\"twitter:data1\" content=\"1 minute\" \/>\n<script type=\"application\/ld+json\" class=\"yoast-schema-graph\">{\"@context\":\"https:\/\/schema.org\",\"@graph\":[{\"@type\":\"WebPage\",\"@id\":\"https:\/\/mtechnique.be\/index.php\/do-it-your-self\/\",\"url\":\"https:\/\/mtechnique.be\/index.php\/do-it-your-self\/\",\"name\":\"Do it your self (kit complet sur mesure) - M-Technique Chauffagiste agr\u00e9\u00e9 GAZ d\u00e9pannage installation, \u00e9lectricit\u00e9, sanitaire.\",\"isPartOf\":{\"@id\":\"https:\/\/mtechnique.be\/#website\"},\"datePublished\":\"2021-06-02T15:37:50+00:00\",\"dateModified\":\"2021-07-23T10:58:37+00:00\",\"breadcrumb\":{\"@id\":\"https:\/\/mtechnique.be\/index.php\/do-it-your-self\/#breadcrumb\"},\"inLanguage\":\"fr-FR\",\"potentialAction\":[{\"@type\":\"ReadAction\",\"target\":[\"https:\/\/mtechnique.be\/index.php\/do-it-your-self\/\"]}]},{\"@type\":\"BreadcrumbList\",\"@id\":\"https:\/\/mtechnique.be\/index.php\/do-it-your-self\/#breadcrumb\",\"itemListElement\":[{\"@type\":\"ListItem\",\"position\":1,\"name\":\"Accueil\",\"item\":\"https:\/\/mtechnique.be\/\"},{\"@type\":\"ListItem\",\"position\":2,\"name\":\"Do it your self (kit complet sur mesure)\"}]},{\"@type\":\"WebSite\",\"@id\":\"https:\/\/mtechnique.be\/#website\",\"url\":\"https:\/\/mtechnique.be\/\",\"name\":\"M-Technique Chauffagiste agr\u00e9\u00e9 GAZ d\u00e9pannage installation, \u00e9lectricit\u00e9, sanitaire.\",\"description\":\"Chauffagiste agr\u00e9\u00e9 GAZ d\u00e9pannage installation, \u00e9lectricit\u00e9, sanitaire.\",\"publisher\":{\"@id\":\"https:\/\/mtechnique.be\/#organization\"},\"potentialAction\":[{\"@type\":\"SearchAction\",\"target\":{\"@type\":\"EntryPoint\",\"urlTemplate\":\"https:\/\/mtechnique.be\/?s={search_term_string}\"},\"query-input\":{\"@type\":\"PropertyValueSpecification\",\"valueRequired\":true,\"valueName\":\"search_term_string\"}}],\"inLanguage\":\"fr-FR\"},{\"@type\":\"Organization\",\"@id\":\"https:\/\/mtechnique.be\/#organization\",\"name\":\"M-Technique Chauffagiste agr\u00e9\u00e9 GAZ d\u00e9pannage installation, \u00e9lectricit\u00e9, sanitaire.\",\"url\":\"https:\/\/mtechnique.be\/\",\"logo\":{\"@type\":\"ImageObject\",\"inLanguage\":\"fr-FR\",\"@id\":\"https:\/\/mtechnique.be\/#\/schema\/logo\/image\/\",\"url\":\"https:\/\/mtechnique.be\/wp-content\/uploads\/2021\/05\/cropped-logo-200.jpg\",\"contentUrl\":\"https:\/\/mtechnique.be\/wp-content\/uploads\/2021\/05\/cropped-logo-200.jpg\",\"width\":200,\"height\":45,\"caption\":\"M-Technique Chauffagiste agr\u00e9\u00e9 GAZ d\u00e9pannage installation, \u00e9lectricit\u00e9, sanitaire.\"},\"image\":{\"@id\":\"https:\/\/mtechnique.be\/#\/schema\/logo\/image\/\"}}]}<\/script>\n<!-- \/ Yoast SEO Premium plugin. -->","yoast_head_json":{"title":"Do it your self (kit complet sur mesure) - M-Technique Chauffagiste agr\u00e9\u00e9 GAZ d\u00e9pannage installation, \u00e9lectricit\u00e9, sanitaire.","robots":{"index":"index","follow":"follow","max-snippet":"max-snippet:-1","max-image-preview":"max-image-preview:large","max-video-preview":"max-video-preview:-1"},"canonical":"https:\/\/mtechnique.be\/index.php\/do-it-your-self\/","og_locale":"fr_FR","og_type":"article","og_title":"Do it your self (kit complet sur mesure)","og_description":"\u00c9CONOMISEZ 50% DE VOTRE BUDGET Faites-le vous-m\u00eame Avec votre coach, faites votre installation vous-m\u00eame en kit. Pr\u00e9paration de votre kit personnalis\u00e9,Explication de montageCoaching tout au long de votre installation","og_url":"https:\/\/mtechnique.be\/index.php\/do-it-your-self\/","og_site_name":"M-Technique Chauffagiste agr\u00e9\u00e9 GAZ d\u00e9pannage installation, \u00e9lectricit\u00e9, sanitaire.","article_modified_time":"2021-07-23T10:58:37+00:00","twitter_card":"summary_large_image","twitter_misc":{"Dur\u00e9e de lecture estim\u00e9e":"1 minute"},"schema":{"@context":"https:\/\/schema.org","@graph":[{"@type":"WebPage","@id":"https:\/\/mtechnique.be\/index.php\/do-it-your-self\/","url":"https:\/\/mtechnique.be\/index.php\/do-it-your-self\/","name":"Do it your self (kit complet sur mesure) - M-Technique Chauffagiste agr\u00e9\u00e9 GAZ d\u00e9pannage installation, \u00e9lectricit\u00e9, sanitaire.","isPartOf":{"@id":"https:\/\/mtechnique.be\/#website"},"datePublished":"2021-06-02T15:37:50+00:00","dateModified":"2021-07-23T10:58:37+00:00","breadcrumb":{"@id":"https:\/\/mtechnique.be\/index.php\/do-it-your-self\/#breadcrumb"},"inLanguage":"fr-FR","potentialAction":[{"@type":"ReadAction","target":["https:\/\/mtechnique.be\/index.php\/do-it-your-self\/"]}]},{"@type":"BreadcrumbList","@id":"https:\/\/mtechnique.be\/index.php\/do-it-your-self\/#breadcrumb","itemListElement":[{"@type":"ListItem","position":1,"name":"Accueil","item":"https:\/\/mtechnique.be\/"},{"@type":"ListItem","position":2,"name":"Do it your self (kit complet sur mesure)"}]},{"@type":"WebSite","@id":"https:\/\/mtechnique.be\/#website","url":"https:\/\/mtechnique.be\/","name":"M-Technique Chauffagiste agr\u00e9\u00e9 GAZ d\u00e9pannage installation, \u00e9lectricit\u00e9, sanitaire.","description":"Chauffagiste agr\u00e9\u00e9 GAZ d\u00e9pannage installation, \u00e9lectricit\u00e9, sanitaire.","publisher":{"@id":"https:\/\/mtechnique.be\/#organization"},"potentialAction":[{"@type":"SearchAction","target":{"@type":"EntryPoint","urlTemplate":"https:\/\/mtechnique.be\/?s={search_term_string}"},"query-input":{"@type":"PropertyValueSpecification","valueRequired":true,"valueName":"search_term_string"}}],"inLanguage":"fr-FR"},{"@type":"Organization","@id":"https:\/\/mtechnique.be\/#organization","name":"M-Technique Chauffagiste agr\u00e9\u00e9 GAZ d\u00e9pannage installation, \u00e9lectricit\u00e9, sanitaire.","url":"https:\/\/mtechnique.be\/","logo":{"@type":"ImageObject","inLanguage":"fr-FR","@id":"https:\/\/mtechnique.be\/#\/schema\/logo\/image\/","url":"https:\/\/mtechnique.be\/wp-content\/uploads\/2021\/05\/cropped-logo-200.jpg","contentUrl":"https:\/\/mtechnique.be\/wp-content\/uploads\/2021\/05\/cropped-logo-200.jpg","width":200,"height":45,"caption":"M-Technique Chauffagiste agr\u00e9\u00e9 GAZ d\u00e9pannage installation, \u00e9lectricit\u00e9, sanitaire."},"image":{"@id":"https:\/\/mtechnique.be\/#\/schema\/logo\/image\/"}}]}},"_links":{"self":[{"href":"https:\/\/mtechnique.be\/index.php\/wp-json\/wp\/v2\/pages\/1515","targetHints":{"allow":["GET"]}}],"collection":[{"href":"https:\/\/mtechnique.be\/index.php\/wp-json\/wp\/v2\/pages"}],"about":[{"href":"https:\/\/mtechnique.be\/index.php\/wp-json\/wp\/v2\/types\/page"}],"author":[{"embeddable":true,"href":"https:\/\/mtechnique.be\/index.php\/wp-json\/wp\/v2\/users\/1"}],"replies":[{"embeddable":true,"href":"https:\/\/mtechnique.be\/index.php\/wp-json\/wp\/v2\/comments?post=1515"}],"version-history":[{"count":3,"href":"https:\/\/mtechnique.be\/index.php\/wp-json\/wp\/v2\/pages\/1515\/revisions"}],"predecessor-version":[{"id":1578,"href":"https:\/\/mtechnique.be\/index.php\/wp-json\/wp\/v2\/pages\/1515\/revisions\/1578"}],"wp:attachment":[{"href":"https:\/\/mtechnique.be\/index.php\/wp-json\/wp\/v2\/media?parent=1515"}],"curies":[{"name":"wp","href":"https:\/\/api.w.org\/{rel}","templated":true}]}}