{"id":307,"date":"2021-05-18T14:58:39","date_gmt":"2021-05-18T12:58:39","guid":{"rendered":"https:\/\/mtechnique.be\/?page_id=307"},"modified":"2021-10-05T20:40:13","modified_gmt":"2021-10-05T18:40:13","slug":"leasing-chaudiere","status":"publish","type":"page","link":"https:\/\/mtechnique.be\/index.php\/leasing-chaudiere\/","title":{"rendered":"Leasing chaudi\u00e8re"},"content":{"rendered":"\n<p><strong>Profitez d\u00e8s \u00e0 pr\u00e9sent d&#8217;un leasing de votre chaudi\u00e8re \u00e0 petit prix, soit \u00e0 0% d&#8217;int\u00e9r\u00eats puisque nous vous la louons \u00e0 partir de:<\/strong><\/p>\n\n\n\n<p><\/p>\n\n\n\n<figure class=\"wp-block-video\"><video controls src=\"https:\/\/mtechnique.be\/wp-content\/uploads\/2021\/07\/Tout-Inclus.mp4\"><\/video><\/figure>\n\n\n\n<figure class=\"wp-block-video\"><video controls src=\"https:\/\/mtechnique.be\/wp-content\/uploads\/2021\/10\/Une-belle-histoire-avec-M-Technique.mp4\"><\/video><\/figure>\n\n\n\n<h2 class=\"wp-block-heading\" id=\"h-inclus-dans-les-packs\"><strong>Inclus dans les packs\u00a0:<\/strong><\/h2>\n\n\n\n<table id=\"tablepress-2\" class=\"tablepress tablepress-id-2\">\n<thead>\n<tr class=\"row-1\">\n\t<th class=\"column-1\">Location chaudi\u00e8re gaz 5 ans<\/th><th class=\"column-2\">Location chaudi\u00e8re gaz 10 ans<\/th>\n<\/tr>\n<\/thead>\n<tbody class=\"row-striping row-hover\">\n<tr class=\"row-2\">\n\t<td class=\"column-1\">\u20ac98 \/ mois tva 6%<\/td><td class=\"column-2\">\u20ac49 \/ mois tva 6%<\/td>\n<\/tr>\n<tr class=\"row-3\">\n\t<td class=\"column-1\">Chaudi\u00e8re murale gaz<\/td><td class=\"column-2\">Chaudi\u00e8re murale gaz<\/td>\n<\/tr>\n<tr class=\"row-4\">\n\t<td class=\"column-1\">Installation compl\u00e8te<\/td><td class=\"column-2\">Installation compl\u00e8te<\/td>\n<\/tr>\n<tr class=\"row-5\">\n\t<td class=\"column-1\">Thermostat<\/td><td class=\"column-2\">Thermostat<\/td>\n<\/tr>\n<tr class=\"row-6\">\n\t<td class=\"column-1\">Mise en route<\/td><td class=\"column-2\">Mise en route<\/td>\n<\/tr>\n<tr class=\"row-7\">\n\t<td class=\"column-1\">R\u00e9ception PEB<\/td><td class=\"column-2\">R\u00e9ception PEB<\/td>\n<\/tr>\n<tr class=\"row-8\">\n\t<td class=\"column-1\">Entretien<\/td><td class=\"column-2\">Entretien<\/td>\n<\/tr>\n<tr class=\"row-9\">\n\t<td class=\"column-1\">D\u00e9pannage<\/td><td class=\"column-2\">D\u00e9pannage<\/td>\n<\/tr>\n<tr class=\"row-10\">\n\t<td class=\"column-1\">Propri\u00e9taire en fin de bail<\/td><td class=\"column-2\">Propri\u00e9taire en fin de bail<\/td>\n<\/tr>\n<tr class=\"row-11\">\n\t<td class=\"column-1\">Test d'\u00e9tanch\u00e9it\u00e9 gaz<\/td><td class=\"column-2\">Test d'\u00e9tanch\u00e9it\u00e9 gaz<\/td>\n<\/tr>\n<tr class=\"row-12\">\n\t<td class=\"column-1\">Certification de l'installation<\/td><td class=\"column-2\">Certification de l'installation<\/td>\n<\/tr>\n<tr class=\"row-13\">\n\t<td class=\"column-1\"><a href=\"https:\/\/mtechnique.be\/index.php\/besoin-daide-contactez-nous-une-urgence-une-demande-dinfo\/\">En savoir plus<\/a><\/td><td class=\"column-2\"><a href=\"https:\/\/mtechnique.be\/index.php\/besoin-daide-contactez-nous-une-urgence-une-demande-dinfo\/\">En savoir plus<\/a><\/td>\n<\/tr>\n<tr class=\"row-14\">\n\t<td class=\"column-1\"><\/td><td class=\"column-2\"><\/td>\n<\/tr>\n<\/tbody>\n<\/table>\n<!-- #tablepress-2 from cache -->\n\n\n\n<figure class=\"wp-block-video\"><video controls src=\"https:\/\/mtechnique.be\/wp-content\/uploads\/2021\/07\/VID-20210603-WA0027.mp4\"><\/video><\/figure>\n","protected":false},"excerpt":{"rendered":"<p>Location de chaudi\u00e8re gaz, tout inclus<\/p>\n","protected":false},"author":1,"featured_media":0,"parent":0,"menu_order":0,"comment_status":"closed","ping_status":"closed","template":"","meta":{"footnotes":""},"class_list":["post-307","page","type-page","status-publish","hentry"],"yoast_head":"<!-- This site is optimized with the Yoast SEO Premium plugin v19.2 (Yoast SEO v26.1.1) - https:\/\/yoast.com\/wordpress\/plugins\/seo\/ -->\n<title>Leasing chaudi\u00e8re - M-Technique Chauffagiste agr\u00e9\u00e9 GAZ d\u00e9pannage installation, \u00e9lectricit\u00e9, sanitaire.<\/title>\n<meta name=\"robots\" content=\"index, follow, max-snippet:-1, max-image-preview:large, max-video-preview:-1\" \/>\n<link rel=\"canonical\" href=\"https:\/\/mtechnique.be\/index.php\/leasing-chaudiere\/\" \/>\n<meta property=\"og:locale\" content=\"fr_FR\" \/>\n<meta property=\"og:type\" content=\"article\" \/>\n<meta property=\"og:title\" content=\"Leasing chaudi\u00e8re\" \/>\n<meta property=\"og:description\" content=\"Location de chaudi\u00e8re gaz, tout inclus\" \/>\n<meta property=\"og:url\" content=\"https:\/\/mtechnique.be\/index.php\/leasing-chaudiere\/\" \/>\n<meta property=\"og:site_name\" content=\"M-Technique Chauffagiste agr\u00e9\u00e9 GAZ d\u00e9pannage installation, \u00e9lectricit\u00e9, sanitaire.\" \/>\n<meta property=\"article:modified_time\" content=\"2021-10-05T18:40:13+00:00\" \/>\n<meta name=\"twitter:card\" content=\"summary_large_image\" \/>\n<meta name=\"twitter:label1\" content=\"Dur\u00e9e de lecture estim\u00e9e\" \/>\n\t<meta name=\"twitter:data1\" content=\"1 minute\" \/>\n<script type=\"application\/ld+json\" class=\"yoast-schema-graph\">{\"@context\":\"https:\/\/schema.org\",\"@graph\":[{\"@type\":\"WebPage\",\"@id\":\"https:\/\/mtechnique.be\/index.php\/leasing-chaudiere\/\",\"url\":\"https:\/\/mtechnique.be\/index.php\/leasing-chaudiere\/\",\"name\":\"Leasing chaudi\u00e8re - M-Technique Chauffagiste agr\u00e9\u00e9 GAZ d\u00e9pannage installation, \u00e9lectricit\u00e9, sanitaire.\",\"isPartOf\":{\"@id\":\"https:\/\/mtechnique.be\/#website\"},\"datePublished\":\"2021-05-18T12:58:39+00:00\",\"dateModified\":\"2021-10-05T18:40:13+00:00\",\"breadcrumb\":{\"@id\":\"https:\/\/mtechnique.be\/index.php\/leasing-chaudiere\/#breadcrumb\"},\"inLanguage\":\"fr-FR\",\"potentialAction\":[{\"@type\":\"ReadAction\",\"target\":[\"https:\/\/mtechnique.be\/index.php\/leasing-chaudiere\/\"]}]},{\"@type\":\"BreadcrumbList\",\"@id\":\"https:\/\/mtechnique.be\/index.php\/leasing-chaudiere\/#breadcrumb\",\"itemListElement\":[{\"@type\":\"ListItem\",\"position\":1,\"name\":\"Accueil\",\"item\":\"https:\/\/mtechnique.be\/\"},{\"@type\":\"ListItem\",\"position\":2,\"name\":\"Leasing chaudi\u00e8re\"}]},{\"@type\":\"WebSite\",\"@id\":\"https:\/\/mtechnique.be\/#website\",\"url\":\"https:\/\/mtechnique.be\/\",\"name\":\"M-Technique Chauffagiste agr\u00e9\u00e9 GAZ d\u00e9pannage installation, \u00e9lectricit\u00e9, sanitaire.\",\"description\":\"Chauffagiste agr\u00e9\u00e9 GAZ d\u00e9pannage installation, \u00e9lectricit\u00e9, sanitaire.\",\"publisher\":{\"@id\":\"https:\/\/mtechnique.be\/#organization\"},\"potentialAction\":[{\"@type\":\"SearchAction\",\"target\":{\"@type\":\"EntryPoint\",\"urlTemplate\":\"https:\/\/mtechnique.be\/?s={search_term_string}\"},\"query-input\":{\"@type\":\"PropertyValueSpecification\",\"valueRequired\":true,\"valueName\":\"search_term_string\"}}],\"inLanguage\":\"fr-FR\"},{\"@type\":\"Organization\",\"@id\":\"https:\/\/mtechnique.be\/#organization\",\"name\":\"M-Technique Chauffagiste agr\u00e9\u00e9 GAZ d\u00e9pannage installation, \u00e9lectricit\u00e9, sanitaire.\",\"url\":\"https:\/\/mtechnique.be\/\",\"logo\":{\"@type\":\"ImageObject\",\"inLanguage\":\"fr-FR\",\"@id\":\"https:\/\/mtechnique.be\/#\/schema\/logo\/image\/\",\"url\":\"https:\/\/mtechnique.be\/wp-content\/uploads\/2021\/05\/cropped-logo-200.jpg\",\"contentUrl\":\"https:\/\/mtechnique.be\/wp-content\/uploads\/2021\/05\/cropped-logo-200.jpg\",\"width\":200,\"height\":45,\"caption\":\"M-Technique Chauffagiste agr\u00e9\u00e9 GAZ d\u00e9pannage installation, \u00e9lectricit\u00e9, sanitaire.\"},\"image\":{\"@id\":\"https:\/\/mtechnique.be\/#\/schema\/logo\/image\/\"}}]}<\/script>\n<!-- \/ Yoast SEO Premium plugin. -->","yoast_head_json":{"title":"Leasing chaudi\u00e8re - M-Technique Chauffagiste agr\u00e9\u00e9 GAZ d\u00e9pannage installation, \u00e9lectricit\u00e9, sanitaire.","robots":{"index":"index","follow":"follow","max-snippet":"max-snippet:-1","max-image-preview":"max-image-preview:large","max-video-preview":"max-video-preview:-1"},"canonical":"https:\/\/mtechnique.be\/index.php\/leasing-chaudiere\/","og_locale":"fr_FR","og_type":"article","og_title":"Leasing chaudi\u00e8re","og_description":"Location de chaudi\u00e8re gaz, tout inclus","og_url":"https:\/\/mtechnique.be\/index.php\/leasing-chaudiere\/","og_site_name":"M-Technique Chauffagiste agr\u00e9\u00e9 GAZ d\u00e9pannage installation, \u00e9lectricit\u00e9, sanitaire.","article_modified_time":"2021-10-05T18:40:13+00:00","twitter_card":"summary_large_image","twitter_misc":{"Dur\u00e9e de lecture estim\u00e9e":"1 minute"},"schema":{"@context":"https:\/\/schema.org","@graph":[{"@type":"WebPage","@id":"https:\/\/mtechnique.be\/index.php\/leasing-chaudiere\/","url":"https:\/\/mtechnique.be\/index.php\/leasing-chaudiere\/","name":"Leasing chaudi\u00e8re - M-Technique Chauffagiste agr\u00e9\u00e9 GAZ d\u00e9pannage installation, \u00e9lectricit\u00e9, sanitaire.","isPartOf":{"@id":"https:\/\/mtechnique.be\/#website"},"datePublished":"2021-05-18T12:58:39+00:00","dateModified":"2021-10-05T18:40:13+00:00","breadcrumb":{"@id":"https:\/\/mtechnique.be\/index.php\/leasing-chaudiere\/#breadcrumb"},"inLanguage":"fr-FR","potentialAction":[{"@type":"ReadAction","target":["https:\/\/mtechnique.be\/index.php\/leasing-chaudiere\/"]}]},{"@type":"BreadcrumbList","@id":"https:\/\/mtechnique.be\/index.php\/leasing-chaudiere\/#breadcrumb","itemListElement":[{"@type":"ListItem","position":1,"name":"Accueil","item":"https:\/\/mtechnique.be\/"},{"@type":"ListItem","position":2,"name":"Leasing chaudi\u00e8re"}]},{"@type":"WebSite","@id":"https:\/\/mtechnique.be\/#website","url":"https:\/\/mtechnique.be\/","name":"M-Technique Chauffagiste agr\u00e9\u00e9 GAZ d\u00e9pannage installation, \u00e9lectricit\u00e9, sanitaire.","description":"Chauffagiste agr\u00e9\u00e9 GAZ d\u00e9pannage installation, \u00e9lectricit\u00e9, sanitaire.","publisher":{"@id":"https:\/\/mtechnique.be\/#organization"},"potentialAction":[{"@type":"SearchAction","target":{"@type":"EntryPoint","urlTemplate":"https:\/\/mtechnique.be\/?s={search_term_string}"},"query-input":{"@type":"PropertyValueSpecification","valueRequired":true,"valueName":"search_term_string"}}],"inLanguage":"fr-FR"},{"@type":"Organization","@id":"https:\/\/mtechnique.be\/#organization","name":"M-Technique Chauffagiste agr\u00e9\u00e9 GAZ d\u00e9pannage installation, \u00e9lectricit\u00e9, sanitaire.","url":"https:\/\/mtechnique.be\/","logo":{"@type":"ImageObject","inLanguage":"fr-FR","@id":"https:\/\/mtechnique.be\/#\/schema\/logo\/image\/","url":"https:\/\/mtechnique.be\/wp-content\/uploads\/2021\/05\/cropped-logo-200.jpg","contentUrl":"https:\/\/mtechnique.be\/wp-content\/uploads\/2021\/05\/cropped-logo-200.jpg","width":200,"height":45,"caption":"M-Technique Chauffagiste agr\u00e9\u00e9 GAZ d\u00e9pannage installation, \u00e9lectricit\u00e9, sanitaire."},"image":{"@id":"https:\/\/mtechnique.be\/#\/schema\/logo\/image\/"}}]}},"_links":{"self":[{"href":"https:\/\/mtechnique.be\/index.php\/wp-json\/wp\/v2\/pages\/307","targetHints":{"allow":["GET"]}}],"collection":[{"href":"https:\/\/mtechnique.be\/index.php\/wp-json\/wp\/v2\/pages"}],"about":[{"href":"https:\/\/mtechnique.be\/index.php\/wp-json\/wp\/v2\/types\/page"}],"author":[{"embeddable":true,"href":"https:\/\/mtechnique.be\/index.php\/wp-json\/wp\/v2\/users\/1"}],"replies":[{"embeddable":true,"href":"https:\/\/mtechnique.be\/index.php\/wp-json\/wp\/v2\/comments?post=307"}],"version-history":[{"count":8,"href":"https:\/\/mtechnique.be\/index.php\/wp-json\/wp\/v2\/pages\/307\/revisions"}],"predecessor-version":[{"id":1597,"href":"https:\/\/mtechnique.be\/index.php\/wp-json\/wp\/v2\/pages\/307\/revisions\/1597"}],"wp:attachment":[{"href":"https:\/\/mtechnique.be\/index.php\/wp-json\/wp\/v2\/media?parent=307"}],"curies":[{"name":"wp","href":"https:\/\/api.w.org\/{rel}","templated":true}]}}