{"id":320,"date":"2021-05-18T15:18:32","date_gmt":"2021-05-18T13:18:32","guid":{"rendered":"https:\/\/mtechnique.be\/?page_id=320"},"modified":"2021-05-26T17:12:11","modified_gmt":"2021-05-26T15:12:11","slug":"nos-partenaires-de-confiance-marques","status":"publish","type":"page","link":"https:\/\/mtechnique.be\/index.php\/nos-partenaires-de-confiance-marques\/","title":{"rendered":"Nos partenaires de confiance (marques)"},"content":{"rendered":"\n<figure class=\"wp-block-image size-large is-style-rounded\"><img loading=\"lazy\" decoding=\"async\" width=\"800\" height=\"512\" src=\"https:\/\/mtechnique.be\/wp-content\/uploads\/2021\/05\/partner.jpg\" alt=\"Nos partenaires\" class=\"wp-image-1499\" srcset=\"https:\/\/mtechnique.be\/wp-content\/uploads\/2021\/05\/partner.jpg 800w, https:\/\/mtechnique.be\/wp-content\/uploads\/2021\/05\/partner-300x192.jpg 300w, https:\/\/mtechnique.be\/wp-content\/uploads\/2021\/05\/partner-768x492.jpg 768w\" sizes=\"auto, (max-width: 800px) 100vw, 800px\" \/><\/figure>\n\n\n\n<ul class=\"wp-block-list\"><li>Vaillant<\/li><li>Mitsubishi<\/li><li>Durlem<\/li><li>Bemco<\/li><li>Zehnder<\/li><li>Giacomini<\/li><li>Superia<\/li><li>Daikin<\/li><li>Fijutsu<\/li><li>Junkers<\/li><li>Niko<\/li><li>Niko home contr\u00f4le<\/li><li>Hager<\/li><li>Vynckier<\/li><\/ul>\n","protected":false},"excerpt":{"rendered":"<p>Vaillant Mitsubishi Durlem Bemco Zehnder Giacomini Superia Daikin Fijutsu Junkers Niko Niko home contr\u00f4le Hager Vynckier<\/p>\n","protected":false},"author":1,"featured_media":1499,"parent":0,"menu_order":0,"comment_status":"closed","ping_status":"closed","template":"","meta":{"footnotes":""},"class_list":["post-320","page","type-page","status-publish","has-post-thumbnail","hentry"],"yoast_head":"<!-- This site is optimized with the Yoast SEO Premium plugin v19.2 (Yoast SEO v26.1.1) - https:\/\/yoast.com\/wordpress\/plugins\/seo\/ -->\n<title>Nos partenaires de confiance (marques) - M-Technique Chauffagiste agr\u00e9\u00e9 GAZ d\u00e9pannage installation, \u00e9lectricit\u00e9, sanitaire.<\/title>\n<meta name=\"robots\" content=\"index, follow, max-snippet:-1, max-image-preview:large, max-video-preview:-1\" \/>\n<link rel=\"canonical\" href=\"https:\/\/mtechnique.be\/index.php\/nos-partenaires-de-confiance-marques\/\" \/>\n<meta property=\"og:locale\" content=\"fr_FR\" \/>\n<meta property=\"og:type\" content=\"article\" \/>\n<meta property=\"og:title\" content=\"Nos partenaires de confiance (marques)\" \/>\n<meta property=\"og:description\" content=\"Vaillant Mitsubishi Durlem Bemco Zehnder Giacomini Superia Daikin Fijutsu Junkers Niko Niko home contr\u00f4le Hager Vynckier\" \/>\n<meta property=\"og:url\" content=\"https:\/\/mtechnique.be\/index.php\/nos-partenaires-de-confiance-marques\/\" \/>\n<meta property=\"og:site_name\" content=\"M-Technique Chauffagiste agr\u00e9\u00e9 GAZ d\u00e9pannage installation, \u00e9lectricit\u00e9, sanitaire.\" \/>\n<meta property=\"article:modified_time\" content=\"2021-05-26T15:12:11+00:00\" \/>\n<meta property=\"og:image\" content=\"https:\/\/mtechnique.be\/wp-content\/uploads\/2021\/05\/partner.jpg\" \/>\n\t<meta property=\"og:image:width\" content=\"800\" \/>\n\t<meta property=\"og:image:height\" content=\"512\" \/>\n\t<meta property=\"og:image:type\" content=\"image\/jpeg\" \/>\n<meta name=\"twitter:card\" content=\"summary_large_image\" \/>\n<meta name=\"twitter:label1\" content=\"Dur\u00e9e de lecture estim\u00e9e\" \/>\n\t<meta name=\"twitter:data1\" content=\"1 minute\" \/>\n<script type=\"application\/ld+json\" class=\"yoast-schema-graph\">{\"@context\":\"https:\/\/schema.org\",\"@graph\":[{\"@type\":\"WebPage\",\"@id\":\"https:\/\/mtechnique.be\/index.php\/nos-partenaires-de-confiance-marques\/\",\"url\":\"https:\/\/mtechnique.be\/index.php\/nos-partenaires-de-confiance-marques\/\",\"name\":\"Nos partenaires de confiance (marques) - M-Technique Chauffagiste agr\u00e9\u00e9 GAZ d\u00e9pannage installation, \u00e9lectricit\u00e9, sanitaire.\",\"isPartOf\":{\"@id\":\"https:\/\/mtechnique.be\/#website\"},\"primaryImageOfPage\":{\"@id\":\"https:\/\/mtechnique.be\/index.php\/nos-partenaires-de-confiance-marques\/#primaryimage\"},\"image\":{\"@id\":\"https:\/\/mtechnique.be\/index.php\/nos-partenaires-de-confiance-marques\/#primaryimage\"},\"thumbnailUrl\":\"https:\/\/mtechnique.be\/wp-content\/uploads\/2021\/05\/partner.jpg\",\"datePublished\":\"2021-05-18T13:18:32+00:00\",\"dateModified\":\"2021-05-26T15:12:11+00:00\",\"breadcrumb\":{\"@id\":\"https:\/\/mtechnique.be\/index.php\/nos-partenaires-de-confiance-marques\/#breadcrumb\"},\"inLanguage\":\"fr-FR\",\"potentialAction\":[{\"@type\":\"ReadAction\",\"target\":[\"https:\/\/mtechnique.be\/index.php\/nos-partenaires-de-confiance-marques\/\"]}]},{\"@type\":\"ImageObject\",\"inLanguage\":\"fr-FR\",\"@id\":\"https:\/\/mtechnique.be\/index.php\/nos-partenaires-de-confiance-marques\/#primaryimage\",\"url\":\"https:\/\/mtechnique.be\/wp-content\/uploads\/2021\/05\/partner.jpg\",\"contentUrl\":\"https:\/\/mtechnique.be\/wp-content\/uploads\/2021\/05\/partner.jpg\",\"width\":800,\"height\":512,\"caption\":\"Nos partenaires\"},{\"@type\":\"BreadcrumbList\",\"@id\":\"https:\/\/mtechnique.be\/index.php\/nos-partenaires-de-confiance-marques\/#breadcrumb\",\"itemListElement\":[{\"@type\":\"ListItem\",\"position\":1,\"name\":\"Accueil\",\"item\":\"https:\/\/mtechnique.be\/\"},{\"@type\":\"ListItem\",\"position\":2,\"name\":\"Nos partenaires de confiance (marques)\"}]},{\"@type\":\"WebSite\",\"@id\":\"https:\/\/mtechnique.be\/#website\",\"url\":\"https:\/\/mtechnique.be\/\",\"name\":\"M-Technique Chauffagiste agr\u00e9\u00e9 GAZ d\u00e9pannage installation, \u00e9lectricit\u00e9, sanitaire.\",\"description\":\"Chauffagiste agr\u00e9\u00e9 GAZ d\u00e9pannage installation, \u00e9lectricit\u00e9, sanitaire.\",\"publisher\":{\"@id\":\"https:\/\/mtechnique.be\/#organization\"},\"potentialAction\":[{\"@type\":\"SearchAction\",\"target\":{\"@type\":\"EntryPoint\",\"urlTemplate\":\"https:\/\/mtechnique.be\/?s={search_term_string}\"},\"query-input\":{\"@type\":\"PropertyValueSpecification\",\"valueRequired\":true,\"valueName\":\"search_term_string\"}}],\"inLanguage\":\"fr-FR\"},{\"@type\":\"Organization\",\"@id\":\"https:\/\/mtechnique.be\/#organization\",\"name\":\"M-Technique Chauffagiste agr\u00e9\u00e9 GAZ d\u00e9pannage installation, \u00e9lectricit\u00e9, sanitaire.\",\"url\":\"https:\/\/mtechnique.be\/\",\"logo\":{\"@type\":\"ImageObject\",\"inLanguage\":\"fr-FR\",\"@id\":\"https:\/\/mtechnique.be\/#\/schema\/logo\/image\/\",\"url\":\"https:\/\/mtechnique.be\/wp-content\/uploads\/2021\/05\/cropped-logo-200.jpg\",\"contentUrl\":\"https:\/\/mtechnique.be\/wp-content\/uploads\/2021\/05\/cropped-logo-200.jpg\",\"width\":200,\"height\":45,\"caption\":\"M-Technique Chauffagiste agr\u00e9\u00e9 GAZ d\u00e9pannage installation, \u00e9lectricit\u00e9, sanitaire.\"},\"image\":{\"@id\":\"https:\/\/mtechnique.be\/#\/schema\/logo\/image\/\"}}]}<\/script>\n<!-- \/ Yoast SEO Premium plugin. -->","yoast_head_json":{"title":"Nos partenaires de confiance (marques) - M-Technique Chauffagiste agr\u00e9\u00e9 GAZ d\u00e9pannage installation, \u00e9lectricit\u00e9, sanitaire.","robots":{"index":"index","follow":"follow","max-snippet":"max-snippet:-1","max-image-preview":"max-image-preview:large","max-video-preview":"max-video-preview:-1"},"canonical":"https:\/\/mtechnique.be\/index.php\/nos-partenaires-de-confiance-marques\/","og_locale":"fr_FR","og_type":"article","og_title":"Nos partenaires de confiance (marques)","og_description":"Vaillant Mitsubishi Durlem Bemco Zehnder Giacomini Superia Daikin Fijutsu Junkers Niko Niko home contr\u00f4le Hager Vynckier","og_url":"https:\/\/mtechnique.be\/index.php\/nos-partenaires-de-confiance-marques\/","og_site_name":"M-Technique Chauffagiste agr\u00e9\u00e9 GAZ d\u00e9pannage installation, \u00e9lectricit\u00e9, sanitaire.","article_modified_time":"2021-05-26T15:12:11+00:00","og_image":[{"width":800,"height":512,"url":"https:\/\/mtechnique.be\/wp-content\/uploads\/2021\/05\/partner.jpg","type":"image\/jpeg"}],"twitter_card":"summary_large_image","twitter_misc":{"Dur\u00e9e de lecture estim\u00e9e":"1 minute"},"schema":{"@context":"https:\/\/schema.org","@graph":[{"@type":"WebPage","@id":"https:\/\/mtechnique.be\/index.php\/nos-partenaires-de-confiance-marques\/","url":"https:\/\/mtechnique.be\/index.php\/nos-partenaires-de-confiance-marques\/","name":"Nos partenaires de confiance (marques) - M-Technique Chauffagiste agr\u00e9\u00e9 GAZ d\u00e9pannage installation, \u00e9lectricit\u00e9, sanitaire.","isPartOf":{"@id":"https:\/\/mtechnique.be\/#website"},"primaryImageOfPage":{"@id":"https:\/\/mtechnique.be\/index.php\/nos-partenaires-de-confiance-marques\/#primaryimage"},"image":{"@id":"https:\/\/mtechnique.be\/index.php\/nos-partenaires-de-confiance-marques\/#primaryimage"},"thumbnailUrl":"https:\/\/mtechnique.be\/wp-content\/uploads\/2021\/05\/partner.jpg","datePublished":"2021-05-18T13:18:32+00:00","dateModified":"2021-05-26T15:12:11+00:00","breadcrumb":{"@id":"https:\/\/mtechnique.be\/index.php\/nos-partenaires-de-confiance-marques\/#breadcrumb"},"inLanguage":"fr-FR","potentialAction":[{"@type":"ReadAction","target":["https:\/\/mtechnique.be\/index.php\/nos-partenaires-de-confiance-marques\/"]}]},{"@type":"ImageObject","inLanguage":"fr-FR","@id":"https:\/\/mtechnique.be\/index.php\/nos-partenaires-de-confiance-marques\/#primaryimage","url":"https:\/\/mtechnique.be\/wp-content\/uploads\/2021\/05\/partner.jpg","contentUrl":"https:\/\/mtechnique.be\/wp-content\/uploads\/2021\/05\/partner.jpg","width":800,"height":512,"caption":"Nos partenaires"},{"@type":"BreadcrumbList","@id":"https:\/\/mtechnique.be\/index.php\/nos-partenaires-de-confiance-marques\/#breadcrumb","itemListElement":[{"@type":"ListItem","position":1,"name":"Accueil","item":"https:\/\/mtechnique.be\/"},{"@type":"ListItem","position":2,"name":"Nos partenaires de confiance (marques)"}]},{"@type":"WebSite","@id":"https:\/\/mtechnique.be\/#website","url":"https:\/\/mtechnique.be\/","name":"M-Technique Chauffagiste agr\u00e9\u00e9 GAZ d\u00e9pannage installation, \u00e9lectricit\u00e9, sanitaire.","description":"Chauffagiste agr\u00e9\u00e9 GAZ d\u00e9pannage installation, \u00e9lectricit\u00e9, sanitaire.","publisher":{"@id":"https:\/\/mtechnique.be\/#organization"},"potentialAction":[{"@type":"SearchAction","target":{"@type":"EntryPoint","urlTemplate":"https:\/\/mtechnique.be\/?s={search_term_string}"},"query-input":{"@type":"PropertyValueSpecification","valueRequired":true,"valueName":"search_term_string"}}],"inLanguage":"fr-FR"},{"@type":"Organization","@id":"https:\/\/mtechnique.be\/#organization","name":"M-Technique Chauffagiste agr\u00e9\u00e9 GAZ d\u00e9pannage installation, \u00e9lectricit\u00e9, sanitaire.","url":"https:\/\/mtechnique.be\/","logo":{"@type":"ImageObject","inLanguage":"fr-FR","@id":"https:\/\/mtechnique.be\/#\/schema\/logo\/image\/","url":"https:\/\/mtechnique.be\/wp-content\/uploads\/2021\/05\/cropped-logo-200.jpg","contentUrl":"https:\/\/mtechnique.be\/wp-content\/uploads\/2021\/05\/cropped-logo-200.jpg","width":200,"height":45,"caption":"M-Technique Chauffagiste agr\u00e9\u00e9 GAZ d\u00e9pannage installation, \u00e9lectricit\u00e9, sanitaire."},"image":{"@id":"https:\/\/mtechnique.be\/#\/schema\/logo\/image\/"}}]}},"_links":{"self":[{"href":"https:\/\/mtechnique.be\/index.php\/wp-json\/wp\/v2\/pages\/320","targetHints":{"allow":["GET"]}}],"collection":[{"href":"https:\/\/mtechnique.be\/index.php\/wp-json\/wp\/v2\/pages"}],"about":[{"href":"https:\/\/mtechnique.be\/index.php\/wp-json\/wp\/v2\/types\/page"}],"author":[{"embeddable":true,"href":"https:\/\/mtechnique.be\/index.php\/wp-json\/wp\/v2\/users\/1"}],"replies":[{"embeddable":true,"href":"https:\/\/mtechnique.be\/index.php\/wp-json\/wp\/v2\/comments?post=320"}],"version-history":[{"count":5,"href":"https:\/\/mtechnique.be\/index.php\/wp-json\/wp\/v2\/pages\/320\/revisions"}],"predecessor-version":[{"id":1503,"href":"https:\/\/mtechnique.be\/index.php\/wp-json\/wp\/v2\/pages\/320\/revisions\/1503"}],"wp:featuredmedia":[{"embeddable":true,"href":"https:\/\/mtechnique.be\/index.php\/wp-json\/wp\/v2\/media\/1499"}],"wp:attachment":[{"href":"https:\/\/mtechnique.be\/index.php\/wp-json\/wp\/v2\/media?parent=320"}],"curies":[{"name":"wp","href":"https:\/\/api.w.org\/{rel}","templated":true}]}}